{"id":449,"date":"2018-11-27T09:17:08","date_gmt":"2018-11-27T09:17:08","guid":{"rendered":"http:\/\/rehabtipsfortrips.com\/about\/"},"modified":"2021-03-15T15:00:17","modified_gmt":"2021-03-15T15:00:17","slug":"about","status":"publish","type":"page","link":"https:\/\/rehabtipsfortrips.com\/en\/about\/","title":{"rendered":"About"},"content":{"rendered":"<!--themify_builder_content-->\n<div id=\"themify_builder_content-449\" data-postid=\"449\" class=\"themify_builder_content themify_builder_content-449 themify_builder tf_clear\">\n    \t<!-- module_row -->\n\t<div  data-lazy=\"1\" class=\"module_row themify_builder_row repeat-none tb_b9gy913 tb_first clearfix\" >\n\t    \t\t<div class=\"row_inner col_align_top tf_box tf_w tf_rel\">\n\t\t\t<div  data-lazy=\"1\" class=\"module_column tb-column col4-2 first tb_66j1921 tf_box\">\n\t    \t    \t        <div class=\"tb-column-inner tf_box tf_w\">\n\t\t    <!-- module image -->\n<div  class=\"module module-image tb_b9az915   image-top tf_mw\" data-lazy=\"1\">\n            <div class=\"image-wrap tf_rel tf_mw\">\n\t\t    <img loading=\"lazy\" decoding=\"async\" src=\"http:\/\/rehabtipsfortrips.com\/wp-content\/uploads\/2021\/03\/IMG-0664ed-scaled.jpg\" width=\"613\" height=\"300\" title=\"About\" alt=\"A propos\">\t\n\t\t<\/div>\n\t<!-- \/image-wrap -->\n    \n    \n<\/div>\n<!-- \/module image -->\t        <\/div>\n\t    \t<\/div>\n\t\t<div  data-lazy=\"1\" class=\"module_column tb-column col4-2 last tb_wdyd923 tf_box\">\n\t    \t    \t        <div class=\"tb-column-inner tf_box tf_w\">\n\t\t    <!-- module text -->\n<div  class=\"module module-text tb_rh8e923\" data-lazy=\"1\">\n            <div  class=\"tb_text_wrap\">\n    <h3>Short presentation<\/h3>\n<p>My name is Rihab. I am a software and information systems engineer and have always had a passion for travel. I started out by traveling solo or with friends all over Europe. Then I did Brazil in November 2019.<\/p>\n<p>\u00a0After the pandemic, as you know the borders were closed so that several of my international trips were canceled and it deeply distressed me \ud83e\udd7a<\/p>\n<p>So I decided to tour Morocco instead of desperately waiting for the borders to open. And guess what? It was the best thing I have ever done! I discovered my country which is a real treasure. We have everything: the sun, mountains, beaches, desert, lakes, oases\u2026 a paradise!<\/p>\n<p>And since, since always, I was asked questions about my travels all the time: ticket price, accommodation, what to see, what to do\u2026. I thought about creating an Instagram page with useful content that can help people organize their trips, especially since in Morocco there is not enough information on the net and a lot of places are still unknown.<\/p>\n<p>There you go, the Instagram page is doing great and people love a lot of what I write for travel news and reviews and ask me more questions. This is where I thought about creating a website in order to keep all my articles with all the finer details! \ud83d\ude01<\/p>    <\/div>\n<\/div>\n<!-- \/module text -->\t        <\/div>\n\t    \t<\/div>\n\t\t    <\/div>\n\t    <!-- \/row_inner -->\n\t<\/div>\n\t<!-- \/module_row -->\n\t\t<!-- module_row -->\n\t<div  data-lazy=\"1\" class=\"module_row themify_builder_row repeat-none tb_pjdq913 clearfix\" >\n\t    \t\t<div class=\"row_inner col_align_top tf_box tf_w tf_rel\">\n\t\t\t<div  data-lazy=\"1\" class=\"module_column tb-column col4-3 first tb_4psf926 tf_box\">\n\t    \t    \t<\/div>\n\t\t<div  data-lazy=\"1\" class=\"module_column tb-column col4-1 last tb_xx7o927 tf_box\">\n\t    \t    \t<\/div>\n\t\t    <\/div>\n\t    <!-- \/row_inner -->\n\t<\/div>\n\t<!-- \/module_row -->\n\t<\/div>\n<!--\/themify_builder_content-->","protected":false},"excerpt":{"rendered":"<p>Petite pr\u00e9sentation Je m\u2019appelle Rihab. Je suis ing\u00e9nieur en g\u00e9nie logiciel et syst\u00e8mes d&rsquo;information et j\u2019ai toujours eu une passion pour le voyage. J\u2019ai commenc\u00e9 par des voyages solo ou entre amis un peu partout en Europe. Puis, j\u2019ai fait le Br\u00e9sil en Novembre 2019. \u00a0Apr\u00e8s la pand\u00e9mie, comme vous le savez les fronti\u00e8res ont [&hellip;]<\/p>\n","protected":false},"author":1,"featured_media":0,"parent":0,"menu_order":0,"comment_status":"closed","ping_status":"closed","template":"","meta":{"footnotes":""},"class_list":["post-449","page","type-page","status-publish","hentry","has-post-title","has-post-date","has-post-category","has-post-tag","has-post-comment","has-post-author",""],"jetpack_sharing_enabled":true,"builder_content":"<img src=\"http:\/\/rehabtipsfortrips.com\/wp-content\/uploads\/2021\/03\/IMG-0664ed-scaled.jpg\" width=\"613\" height=\"300\" title=\"A propos\" alt=\"A propos\">\n<h3>Petite pr\u00e9sentation<\/h3> <p>Je m\u2019appelle Rihab. Je suis ing\u00e9nieur en g\u00e9nie logiciel et syst\u00e8mes d'information et j\u2019ai toujours eu une passion pour le voyage. J\u2019ai commenc\u00e9 par des voyages solo ou entre amis un peu partout en Europe. Puis, j\u2019ai fait le Br\u00e9sil en Novembre 2019.<\/p> <p>\u00a0Apr\u00e8s la pand\u00e9mie, comme vous le savez les fronti\u00e8res ont \u00e9t\u00e9 ferm\u00e9es ce qui fait que plusieurs de mes voyages \u00e0 l\u2019international ont \u00e9t\u00e9 annul\u00e9s et \u00e7a m\u2019a profond\u00e9ment afflig\u00e9 \ud83e\udd7a<\/p> <p>J\u2019ai d\u00e9cid\u00e9 donc de faire le tour du Maroc au lieu d\u2019attendre d\u00e9sesp\u00e9r\u00e9ment l\u2019ouverture des fronti\u00e8res. Et devinez-quoi\u00a0? C\u2019\u00e9tait la meilleure chose que j\u2019ai jamais faite\u00a0! J\u2019ai d\u00e9couvert mon pays qui est un vrai tr\u00e9sor. On a de tout\u00a0: le soleil, montagnes, plages, d\u00e9sert, lacs, oasis \u2026un paradis quoi\u00a0!<\/p> <p>Et comme, depuis toujours d\u2019ailleurs, on me posait tout le temps des questions sur mes voyages\u00a0: prix du billet, h\u00e9bergement, quoi voir, quoi faire \u2026. J\u2019ai pens\u00e9 \u00e0 cr\u00e9er une page Instagram avec un contenu utile qui peut aider les gens \u00e0 organiser leur voyages surtout qu\u2019au Maroc on ne trouve pas assez d\u2019informations sur le net et plein plein de coins sont encore m\u00e9connus.<\/p> <p>Et voil\u00e0, la page Instagram marche super bien et les gens aiment beaucoup de que j'\u00e9cris comme informations et reviews de mes voyages et me posent encore plus de questions. C\u2019est ici que j\u2019ai pens\u00e9 \u00e0 cr\u00e9er un siteweb afin d'y conserver tous mes articles avec tous les d\u00e9tails les plus pointilleux! \ud83d\ude01<\/p>","_links":{"self":[{"href":"https:\/\/rehabtipsfortrips.com\/en\/wp-json\/wp\/v2\/pages\/449","targetHints":{"allow":["GET"]}}],"collection":[{"href":"https:\/\/rehabtipsfortrips.com\/en\/wp-json\/wp\/v2\/pages"}],"about":[{"href":"https:\/\/rehabtipsfortrips.com\/en\/wp-json\/wp\/v2\/types\/page"}],"author":[{"embeddable":true,"href":"https:\/\/rehabtipsfortrips.com\/en\/wp-json\/wp\/v2\/users\/1"}],"replies":[{"embeddable":true,"href":"https:\/\/rehabtipsfortrips.com\/en\/wp-json\/wp\/v2\/comments?post=449"}],"version-history":[{"count":5,"href":"https:\/\/rehabtipsfortrips.com\/en\/wp-json\/wp\/v2\/pages\/449\/revisions"}],"predecessor-version":[{"id":3910,"href":"https:\/\/rehabtipsfortrips.com\/en\/wp-json\/wp\/v2\/pages\/449\/revisions\/3910"}],"wp:attachment":[{"href":"https:\/\/rehabtipsfortrips.com\/en\/wp-json\/wp\/v2\/media?parent=449"}],"curies":[{"name":"wp","href":"https:\/\/api.w.org\/{rel}","templated":true}]}}